{"id":15,"date":"2016-02-25T09:02:11","date_gmt":"2016-02-25T09:02:11","guid":{"rendered":"http:\/\/geology.uaic.ro\/andrei.buzatu\/?page_id=15"},"modified":"2025-01-20T13:02:41","modified_gmt":"2025-01-20T13:02:41","slug":"conferences","status":"publish","type":"page","link":"https:\/\/geology.uaic.ro\/andrei.buzatu\/index.php\/conferences\/","title":{"rendered":"Conferences"},"content":{"rendered":"<h1 style=\"font-size: 34px; font-weight: bold; text-shadow: 3px 3px #ddd;\">Presentations:<\/h1>\n<p>Lupu A., Damian G., <strong>Buzatu A.<\/strong> <strong>(2024)<\/strong> \u2013 <em>Distribu\u021bia geochimic\u0103 a unor elemente poten\u021bial toxice \u00een sedimentele r\u00e2ului Cavnic, jud. Maramure\u0219<\/em>. SIMPOZIONUL \u015eTIIN\u0162IFIC NA\u0162IONAL cu participare interna\u0163ional\u0103 Mircea Savul, 2024, Iasi.<\/p>\n<hr \/>\n<p>Lupu A., Damian G., <strong>Buzatu A.<\/strong> <strong>(2023)<\/strong> \u2013 <em>Noi ocuren\u0163e mineralogice \u00een cadrul z\u0103c\u0103m\u00e2ntului epitermal Cavnic<\/em>. SIMPOZIONUL \u015eTIIN\u0162IFIC NA\u0162IONAL cu participare interna\u0163ional\u0103 Mircea Savul, 2023, Iasi.<\/p>\n<hr \/>\n<p>Lupu A.,<strong> Buzatu A.,<\/strong> A\u015ftefanei D. <strong>(2022)<\/strong> \u2013 <em>Identificarea petrografic\u0103 a unor roci din zona Sesia, Valea Aosta (Italia), prin spectroscopie vibra\u0163ional\u0103<\/em>. SIMPOZIONUL \u015eTIIN\u0162IFIC NA\u0162IONAL cu participare interna\u0163ional\u0103 Mircea Savul, 2022, Iasi.<\/p>\n<hr \/>\n<p>Apopei A. I., Buzgar N., <strong>Buzatu A.,<\/strong> Maftei A. E. <strong>(2022)<\/strong> \u2013 <em>Digitalizarea colec\u0163iilor de minerale \u015fi roci din cadrul Muzeului de Mineralogie \u015fi Petrografie \u201cGrigore Cob\u0103lcescu\u201d<\/em>. SIMPOZIONUL \u015eTIIN\u0162IFIC NA\u0162IONAL cu participare interna\u0163ional\u0103 Mircea Savul, 2022, Iasi.<\/p>\n<hr \/>\n<p style=\"text-align: justify;\">Maftei A. E.,<strong> Buzatu A.,<\/strong> Buzgar N., Apopei A. I. <strong>(2019)<\/strong> \u2013 <em>Studiul mineralogic preliminar al depozitelor sedimentare din Valea Pianu, Mun<\/em><em>\u021bii Sebe\u0219, Rom\u00e2nia<\/em>. SIMPOZIONUL \u015eTIIN\u0162IFIC NA\u0162IONAL cu participare interna\u0163ional\u0103 Mircea Savul, 2019, Iasi.<\/p>\n<hr \/>\n<p style=\"text-align: justify;\">B\u00eerg\u0103oanu D., Damian G., <strong>Buzatu A.<\/strong> <strong>(2018)<\/strong> &#8211; <em>The Fe content in the sphalerites from the Breiner-B\u0103iu\u021b deposit<\/em>. AL 11-lea SIMPOZION INTERNA\u0162IONAL DE GEOLOGIE ECONOMIC\u0102 \u201cRESURSE MINERALE \u00ceN SECOLUL AL XXI-LEA\u201c, 5 \u2013 8 septembrie 2018 \u2013 Ia\u0219i. http:\/\/geology.uaic.ro\/sger-2018-ro\/<\/p>\n<hr \/>\n<p style=\"text-align: justify;\">Maftei A. E., <strong>Buzatu A.,<\/strong> Buzgar N., Apopei A. I. <strong>(2018)<\/strong> &#8211; <em>Spatial distribution of trace elements in the Tazl\u0103u River sediments:\u00a0 source identification and evaluation of ecological implications<\/em>. AL 11-lea SIMPOZION INTERNA\u0162IONAL DE GEOLOGIE ECONOMIC\u0102 \u201cRESURSE MINERALE \u00ceN SECOLUL AL XXI-LEA\u201c, 5 \u2013 8 septembrie 2018 \u2013 Ia\u0219i. http:\/\/geology.uaic.ro\/sger-2018-ro\/<\/p>\n<hr \/>\n<p style=\"text-align: justify;\">Maftei A. E., <strong>Buzatu A.,<\/strong> Buzgar N., Apopei A. I. <strong>(2018)<\/strong> &#8211; <em>Preliminary assessment of anthropogenic contribution and influencing factors on major elements and total organic carbon in Tazl\u0103u River sediments, Romania<\/em>. AL 11-lea SIMPOZION INTERNA\u0162IONAL DE GEOLOGIE ECONOMIC\u0102 \u201cRESURSE MINERALE \u00ceN SECOLUL AL XXI-LEA\u201c, 5 \u2013 8 septembrie 2018 \u2013 Ia\u0219i. http:\/\/geology.uaic.ro\/sger-2018-ro\/<\/p>\n<hr \/>\n<p style=\"text-align: justify;\">Maftei A. E., Buzgar N., <strong>Buzatu A.,<\/strong> Apopei A. I. <strong>(2018)<\/strong> \u2013 <em>Geochemical and ecological risk studies of some trace elements in soils from urban and peri-urban area of Sl\u0103nic Moldova, Romania<\/em>. SIMPOZIONUL \u015eTIIN\u0162IFIC NA\u0162IONAL cu participare interna\u0163ional\u0103 Mircea Savul, 2018, Iasi. http:\/\/geology.uaic.ro\/2018\/simpozionul-stiintific-mircea-savul-2018\/<\/p>\n<hr \/>\n<p style=\"text-align: justify;\">Buzgar N., Apopei A. I., <strong>Buzatu A. (2015) <\/strong>\u2013 <em>Studiul Raman al unor arsenia<\/em><em>\u021bi<\/em>. National Symposium \u201cMircea Savul\u201d, 2015, Ia\u015fi.<\/p>\n<hr \/>\n<p style=\"text-align: justify;\">S\u00eerbu-R\u0103d\u0103\u0219anu D.S., Huzum R., Iftode S.P.,<strong> Buzatu A.<\/strong>, Buzgar N.\u00a0<strong>(2015)<\/strong> \u2013 <em>Spatial distribution of As in urban and peri-urban soils of the city of Ia\u0219i (Romania).<\/em> 15<sup>th<\/sup> International Multidisciplinary Scientific Geoconference SGEM2015, Albena.<\/p>\n<hr \/>\n<p style=\"text-align: justify;\">Huzum R., S\u00eerbu-R\u0103d\u0103\u0219anu D.S., Iftode S.P., Buzgar N.,<strong> Buzatu A.<\/strong>, Iancu O.G., Breab\u0103n I.G.<strong> (2015) <\/strong>\u2013 <em>Distribu\u021bia geochimic\u0103 a unor metale tranzi\u021bionale \u00een sistemul sol-frunze din sectorul viticol Copou \u2013 Ia\u0219i<\/em>. National Symposium \u201cMircea Savul\u201d, 2015, Ia\u015fi.<\/p>\n<hr \/>\n<p style=\"text-align: justify;\"><strong>Buzatu A.<\/strong>, Buzgar N., Damian G., Apopei A. I. <strong>(2014)<\/strong> \u2013 <em>Transformarea termic\u0103 a sulfa\u021bilor secundari \u2013 studiu vibra\u021bional<\/em>. National Symposium \u201cMircea Savul\u201d, 2014, Ia\u015fi.<\/p>\n<hr \/>\n<p style=\"text-align: justify;\">Apopei A. I., Buzgar N., Damian G., <strong>Buzatu A.<\/strong> <strong>(2014)<\/strong> \u2013 <em>Efectul substitu<\/em><em>\u021biei As-Sb \u00een spectrele Raman ob\u021binute pe serii ale unor sulfos\u0103ruri comune<\/em>. National Symposium \u201cMircea Savul\u201d, 2014, Ia\u015fi.<\/p>\n<hr \/>\n<p style=\"text-align: justify;\"><strong>Buzatu A.<\/strong>, Damian G., Buzgar N. <strong>(2012)<\/strong> &#8211; <em>Raman and infrared studies of weathering products from Baia Sprie ore deposit (Romania)<\/em>. The Eighth International Symposium on Economic Geology. September 13th &#8211; 16th, 2012, Brad., ROMANIA.<\/p>\n<hr \/>\n<p style=\"text-align: justify;\">\u021aurcanu S., Apopei A. I., <strong>Buzatu A.<\/strong> <strong>(2012)<\/strong> \u2013 <em>Petrographic analyses on the polished stone industry from the Cucutenian settlement of Ruginoasa\u2013Dealul Dr\u0103ghici. <\/em>Second Arheoinvest Congress. Interdisciplinary Research in Archeology, Ia\u0219i.<\/p>\n<hr \/>\n<p style=\"text-align: justify;\">Buzgar N., Apopei A. I., <strong>Buzatu A.<\/strong> <strong>(2011)<\/strong> \u2013 <em>Sursa \u0219i compozi\u021bia pigmentului negru de pe ceramica cucutenian\u0103.<\/em> National Symposium \u201cMircea Savul\u201d, 2011, Ia\u015fi.<\/p>\n<hr \/>\n<p style=\"text-align: justify;\">Buzgar N., Maftei E. A., <strong>Buzatu A.<\/strong>, Apopei A. I. <strong>(2011)<\/strong> \u2013 <em>Geochimia metalelor grele \u00een sedimentele r\u00e2ului Tazl\u0103u.<\/em>. National Symposium \u201cMircea Savul\u201d, 2011, Ia\u015fi.<\/p>\n<hr \/>\n<p style=\"text-align: justify;\">Apopei A. I., Vandenabeele P., Buzgar N., <strong>Buzatu A.<\/strong>, Lycke S. <strong>(2011)<\/strong> \u2013 <em>Spectroscopia Raman \u0219i FT-IR a unor amfiboli.<\/em>. National Symposium \u201cMircea Savul\u201d, 2011, Ia\u015fi.<\/p>\n<hr \/>\n<p style=\"text-align: justify;\">Buzgar N., Diaconu V., Apopei A. I., <strong>Buzatu A.<\/strong> <strong>(2011)<\/strong> \u2013 <em>Raman study of two late bronze age stone artefacts from Neam\u0163 county (Romania)<\/em>. First Arheoinvest Congress. Interdisciplinary Research in Archeology; 10-11 June, 2011, Ia\u015fi.<\/p>\n<hr \/>\n<p style=\"text-align: justify;\">Buzgar N., Cotiug\u0103 V., <strong>Buzatu A.<\/strong>, Apopei A. I. <strong>(2010)<\/strong> &#8211; <em>Identification of the pigments from historical monuments frescoes using Raman Spectroscopy<\/em>. Simpozionul Na\u0163ional de Arheometrie, Bucure\u015fti, 28-29 Octombrie 2010.<\/p>\n<hr \/>\n<p style=\"text-align: justify;\">Buzgar N., Bodi G., <strong>Buzatu A.<\/strong>, Apopei A. I. <strong>(2010)<\/strong> &#8211; <em>Studiul Raman si XRD al pigmentului negru de pe ceramica cucuteniana \/ Raman and XRD studies of black pigment from Cucuteni ceramics<\/em>. Simpozionul Na\u0163ional de Arheometrie, Bucure\u015fti, 28-29 Octombrie 2010.<\/p>\n<hr \/>\n<p style=\"text-align: justify;\">Buzgar N., <strong>Buzatu A.<\/strong>, Apopei A. I., Cotiug\u0103 V., Topoleanu F. <strong>(2010)<\/strong> &#8211; <em>Mineral pigments of Greco-Roman and Byzantine ages from Dobrogea<\/em>. International Symposium: Geology of Natural Systems &#8211; Geo Iasi 2010 September 1 &#8211; 4, 2010 Ia\u015fi, Romania.<\/p>\n<hr \/>\n<p style=\"text-align: justify;\">Buzgar N., B\u00e2rliba L., <strong>Buzatu A.<\/strong>, Apopei A.\u00a0<strong>(2009)<\/strong> &#8211; <em>Studiul Raman al unor pigmen\u0163i din epoca greco\u2013roman\u0103 \u015fi bizantin\u0103 de pe artefacte din Dobrogea<\/em>. Simpozionul na\u0163ional \u201cMircea Savul\u201d, Ia\u015fi.<\/p>\n<hr \/>\n<p style=\"text-align: justify;\">Buzgar N., A\u015ftefanei D., Bodi G., <strong>Buzatu A.<\/strong> <strong>(2009)<\/strong> &#8211; <em>Studiul Raman al pigmen\u0163ilor alb, ro\u015fu \u015fi negru de pe ceramica cucutenian\u0103 din Moldova<\/em>. Simpozionul na\u0163ional \u201cMircea Savul\u201d, Ia\u015fi.<\/p>\n<hr \/>\n<p style=\"text-align: justify;\">Buzgar N., <strong>Buzatu A.<\/strong> <strong>(2008)<\/strong> &#8211; <em>Studiul unor sulfa\u0163i prin spectrografie Raman<\/em>. Simpozionul na\u0163ional \u201cMircea Savul\u201d, Ia\u015fi.<\/p>\n<hr \/>\n","protected":false},"excerpt":{"rendered":"<p>Presentations: Lupu A., Damian G., Buzatu A. (2024) \u2013 Distribu\u021bia geochimic\u0103 a unor elemente poten\u021bial toxice \u00een sedimentele r\u00e2ului Cavnic, jud. Maramure\u0219. SIMPOZIONUL \u015eTIIN\u0162IFIC NA\u0162IONAL cu participare interna\u0163ional\u0103 Mircea Savul, 2024, Iasi. Lupu A., Damian G., Buzatu A. (2023) \u2013 Noi ocuren\u0163e mineralogice \u00een cadrul z\u0103c\u0103m\u00e2ntului epitermal Cavnic. SIMPOZIONUL \u015eTIIN\u0162IFIC NA\u0162IONAL cu participare interna\u0163ional\u0103 Mircea &hellip; <a href=\"https:\/\/geology.uaic.ro\/andrei.buzatu\/index.php\/conferences\/\" class=\"more-link\">Continue reading <span class=\"screen-reader-text\">Conferences<\/span> <span class=\"meta-nav\">&rarr;<\/span><\/a><\/p>\n","protected":false},"author":1,"featured_media":0,"parent":0,"menu_order":0,"comment_status":"closed","ping_status":"closed","template":"","meta":[],"_links":{"self":[{"href":"https:\/\/geology.uaic.ro\/andrei.buzatu\/index.php\/wp-json\/wp\/v2\/pages\/15"}],"collection":[{"href":"https:\/\/geology.uaic.ro\/andrei.buzatu\/index.php\/wp-json\/wp\/v2\/pages"}],"about":[{"href":"https:\/\/geology.uaic.ro\/andrei.buzatu\/index.php\/wp-json\/wp\/v2\/types\/page"}],"author":[{"embeddable":true,"href":"https:\/\/geology.uaic.ro\/andrei.buzatu\/index.php\/wp-json\/wp\/v2\/users\/1"}],"replies":[{"embeddable":true,"href":"https:\/\/geology.uaic.ro\/andrei.buzatu\/index.php\/wp-json\/wp\/v2\/comments?post=15"}],"version-history":[{"count":7,"href":"https:\/\/geology.uaic.ro\/andrei.buzatu\/index.php\/wp-json\/wp\/v2\/pages\/15\/revisions"}],"predecessor-version":[{"id":311,"href":"https:\/\/geology.uaic.ro\/andrei.buzatu\/index.php\/wp-json\/wp\/v2\/pages\/15\/revisions\/311"}],"wp:attachment":[{"href":"https:\/\/geology.uaic.ro\/andrei.buzatu\/index.php\/wp-json\/wp\/v2\/media?parent=15"}],"curies":[{"name":"wp","href":"https:\/\/api.w.org\/{rel}","templated":true}]}}